{"id":127,"date":"2016-03-15T09:37:47","date_gmt":"2016-03-15T09:37:47","guid":{"rendered":"http:\/\/foreal.vedicthemes.com\/?page_id=127"},"modified":"2023-05-08T11:44:41","modified_gmt":"2023-05-08T11:44:41","slug":"kapcsolat","status":"publish","type":"page","link":"https:\/\/energowatch.hu\/en\/kapcsolat\/","title":{"rendered":"Contact"},"content":{"rendered":"<div class=\"vc_row wpb_row vc_row-fluid vc_custom_1461931325741\"><div class=\"wpb_column vc_column_container vc_col-sm-4\"><div class=\"vc_column-inner\"><div class=\"wpb_wrapper\"><div class=\"dt-sc-contact-info\">\r\n\t\t\t\t\t<div class=\"dt-sc-icon\">\r\n\t\t\t\t\t\t\r\n\t\t\t\t\t<\/div><p>Telefonsz\u00e1m +36 1 890 2000<\/p><\/div><\/div><\/div><\/div><div class=\"wpb_column vc_column_container vc_col-sm-4\"><div class=\"vc_column-inner\"><div class=\"wpb_wrapper\"><div class=\"dt-sc-contact-info\">\r\n\t\t\t\t\t<div class=\"dt-sc-icon\">\r\n\t\t\t\t\t\t\r\n\t\t\t\t\t<\/div><p>C\u00edm: 1047 Budapest, F\u00f3ti \u00fat 56. V. \u00e9p\u00fclet 6. emelet<\/p><\/div><\/div><\/div><\/div><div class=\"wpb_column vc_column_container vc_col-sm-4\"><div class=\"vc_column-inner\"><div class=\"wpb_wrapper\"><div class=\"dt-sc-contact-info\">\r\n\t\t\t\t\t<div class=\"dt-sc-icon\">\r\n\t\t\t\t\t\t\r\n\t\t\t\t\t<\/div><p>info@euronetrt.hu<\/p><\/div><\/div><\/div><\/div><\/div><div class=\"vc_row wpb_row vc_row-fluid\"><div class=\"wpb_column vc_column_container vc_col-sm-12\"><div class=\"vc_column-inner\"><div class=\"wpb_wrapper\"><div class=\"vc_empty_space\"   style=\"height: 85px\"><span class=\"vc_empty_space_inner\"><\/span><\/div><\/div><\/div><\/div><\/div><div data-vc-full-width=\"true\" data-vc-full-width-init=\"false\" data-vc-stretch-content=\"true\" class=\"vc_row wpb_row vc_row-fluid vc_custom_1468302353724\"><div class=\"wpb_column vc_column_container vc_col-sm-12\"><div class=\"vc_column-inner vc_custom_1460719318945\"><div class=\"wpb_wrapper\">\n\t<div class=\"wpb_text_column wpb_content_element  dt-sc-content-highlighter\" >\n\t\t<div class=\"wpb_wrapper\">\n\t\t\t<h2>ENERGO WATCH<\/h2>\n<h3>Euronet Zrt.<\/h3>\n<ul>\n<li><i class=\"fa fa-home\"><\/i>Budapest, Magyarorsz\u00e1g<\/li>\n<li><i class=\"fa fa-phone\"><\/i>+36 1 890 2000<\/li>\n<li>info@euronetrt.hu<\/li>\n<\/ul>\n\n\t\t<\/div>\n\t<\/div>\n<\/div><\/div><\/div><\/div><div class=\"vc_row-full-width\"><\/div><div class=\"vc_row wpb_row vc_row-fluid\"><div class=\"wpb_column vc_column_container vc_col-sm-12\"><div class=\"vc_column-inner\"><div class=\"wpb_wrapper\"><div class=\"vc_empty_space\"   style=\"height: 85px\"><span class=\"vc_empty_space_inner\"><\/span><\/div><\/div><\/div><\/div><\/div><div class=\"vc_row wpb_row vc_row-fluid\"><div class=\"wpb_column vc_column_container vc_col-sm-12\"><div class=\"vc_column-inner\"><div class=\"wpb_wrapper\">\n\t<div class=\"wpb_text_column wpb_content_element\" >\n\t\t<div class=\"wpb_wrapper\">\n\t\t\t<p>Euronet Hungary Informatika Zrt. is committed to protecting the personal data of its customers and partners. We keep your personal data confidential and do our best to store and manage them securely. We use the most modern security and technical solutions to guarantee the security of your data.<\/p>\n\n\t\t<\/div>\n\t<\/div>\n<div class=\"vc_btn3-container vc_btn3-inline\"><a class=\"vc_general vc_btn3 vc_btn3-size-md vc_btn3-shape-rounded vc_btn3-style-modern vc_btn3-color-grey\" href=\"https:\/\/euronetrt.hu\/wp-content\/uploads\/2019\/05\/EuronetZrt_Adatvedelmi_tajekoztato.pdf\" title=\"\" target=\"_self\">Privacy Notice<\/a><\/div>\r\n<\/div><\/div><\/div><\/div><div class=\"vc_row wpb_row vc_row-fluid\"><div class=\"wpb_column vc_column_container vc_col-sm-12\"><div class=\"vc_column-inner\"><div class=\"wpb_wrapper\"><\/div><\/div><\/div><\/div>","protected":false},"excerpt":{"rendered":"Telefonsz\u00e1m +36 1 890 2000 C\u00edm: 1047 Budapest, F\u00f3ti \u00fat 56. V. \u00e9p\u00fclet 6. emelet info@euronetrt.hu ENERGO WATCH Euronet Zrt. Budapest, Magyarorsz\u00e1g +36 1 890 2000 info@euronetrt.hu Az Euronet Magyarorsz\u00e1g Informatika Zrt. elk\u00f6telezett az \u00fcgyfelei, partnerei szem\u00e9lyes adatainak v\u00e9delm\u00e9ben. A szem\u00e9lyes adatokat bizalmasan kezelj\u00fck, mindent megtesz\u00fcnk hogy ezeket biztons\u00e1gosan t\u00e1roljuk \u00e9s kezelj\u00fck. A legmodernebb biztons\u00e1gi [...]","protected":false},"author":1,"featured_media":0,"parent":0,"menu_order":0,"comment_status":"closed","ping_status":"closed","template":"tpl-plain.php","meta":[],"_links":{"self":[{"href":"https:\/\/energowatch.hu\/en\/wp-json\/wp\/v2\/pages\/127"}],"collection":[{"href":"https:\/\/energowatch.hu\/en\/wp-json\/wp\/v2\/pages"}],"about":[{"href":"https:\/\/energowatch.hu\/en\/wp-json\/wp\/v2\/types\/page"}],"author":[{"embeddable":true,"href":"https:\/\/energowatch.hu\/en\/wp-json\/wp\/v2\/users\/1"}],"replies":[{"embeddable":true,"href":"https:\/\/energowatch.hu\/en\/wp-json\/wp\/v2\/comments?post=127"}],"version-history":[{"count":10,"href":"https:\/\/energowatch.hu\/en\/wp-json\/wp\/v2\/pages\/127\/revisions"}],"predecessor-version":[{"id":5031,"href":"https:\/\/energowatch.hu\/en\/wp-json\/wp\/v2\/pages\/127\/revisions\/5031"}],"wp:attachment":[{"href":"https:\/\/energowatch.hu\/en\/wp-json\/wp\/v2\/media?parent=127"}],"curies":[{"name":"wp","href":"https:\/\/api.w.org\/{rel}","templated":true}]}}