{"id":3970,"date":"2016-04-25T10:58:18","date_gmt":"2016-04-25T10:58:18","guid":{"rendered":"http:\/\/foreal.vedicthemes.com\/?page_id=3970"},"modified":"2025-01-02T16:09:46","modified_gmt":"2025-01-02T16:09:46","slug":"hogyan","status":"publish","type":"page","link":"https:\/\/energowatch.hu\/en\/hogyan\/","title":{"rendered":"How does it work?"},"content":{"rendered":"<div class=\"vc_row wpb_row vc_row-fluid vc_custom_1462957530978\"><div class=\"dt-sc-two-fifth dt-sc-service-page wpb_column vc_column_container vc_col-sm-4\"><div class=\"vc_column-inner\"><div class=\"wpb_wrapper\"><h2 style=\"text-align: left;font-family:Raleway;font-weight:700;font-style:normal\" class=\"vc_custom_heading\">HOW CAN WE MEASURE FATIGUE AND PREDICT WHEN WE ARE 'EXHAUSTED'?<\/h2><\/div><\/div><\/div><div class=\"dt-sc-three-fifth dt-sc-service-page wpb_column vc_column_container vc_col-sm-8\"><div class=\"vc_column-inner\"><div class=\"wpb_wrapper\">\n\t<div  class=\"wpb_single_image wpb_content_element vc_align_left\">\n\t\t\n\t\t<figure class=\"wpb_wrapper vc_figure\">\n\t\t\t<div class=\"vc_single_image-wrapper   vc_box_border_grey\"><img width=\"2537\" height=\"1591\" src=\"https:\/\/energowatch.hu\/wp-content\/uploads\/2022\/03\/DSC01198_j-masolat.jpg\" class=\"vc_single_image-img attachment-full\" alt=\"\" loading=\"lazy\" srcset=\"https:\/\/energowatch.hu\/wp-content\/uploads\/2022\/03\/DSC01198_j-masolat.jpg 2537w, https:\/\/energowatch.hu\/wp-content\/uploads\/2022\/03\/DSC01198_j-masolat-300x188.jpg 300w, https:\/\/energowatch.hu\/wp-content\/uploads\/2022\/03\/DSC01198_j-masolat-1024x642.jpg 1024w, https:\/\/energowatch.hu\/wp-content\/uploads\/2022\/03\/DSC01198_j-masolat-768x482.jpg 768w, https:\/\/energowatch.hu\/wp-content\/uploads\/2022\/03\/DSC01198_j-masolat-1536x963.jpg 1536w, https:\/\/energowatch.hu\/wp-content\/uploads\/2022\/03\/DSC01198_j-masolat-2048x1284.jpg 2048w\" sizes=\"(max-width: 2537px) 100vw, 2537px\" \/><\/div>\n\t\t<\/figure>\n\t<\/div>\n<\/div><\/div><\/div><\/div><div class=\"vc_row wpb_row vc_row-fluid\"><div class=\"wpb_column vc_column_container vc_col-sm-12\"><div class=\"vc_column-inner\"><div class=\"wpb_wrapper\">\n\t<div class=\"wpb_text_column wpb_content_element\" >\n\t\t<div class=\"wpb_wrapper\">\n\t\t\t<p>Az EnergoWatch szenzorai seg\u00edts\u00e9g\u00e9vel nyers adatok t\u00f6meg\u00e9t \u00e1ll\u00edtja el\u0151 a m\u00e9r\u00e9s minden m\u00e1sodperc\u00e9ben. Sokan k\u00e9rdezt\u00e9k, mi\u00e9rt kellett k\u00fcl\u00f6n fizikai eszk\u00f6z, mi\u00e9rt nem lehetett m\u00e1s gy\u00e1rt\u00f3 term\u00e9k\u00e9t haszn\u00e1lni. A v\u00e1lasz itt rejlik: a ki\u00e9rt\u00e9kel\u00e9shez sz\u00fcks\u00e9g\u00fcnk volt a nyers adatok hatalmas t\u00f6meg\u00e9re ahhoz, hogy k\u00e9pesek legy\u00fcnk val\u00f3ban \u201cmegm\u00e9rni a f\u00e1radts\u00e1got\u201d. M\u00e1s gy\u00e1rt\u00f3k eszk\u00f6zei sokszor m\u00e1r feldolgozott adatokat szolg\u00e1ltatnak, \u00e9s nem \u00e1ll\u00edtanak el\u0151 olyan mennyis\u00e9g\u0171 adatot, mint az EnergoWatch.<\/p>\n\n\t\t<\/div>\n\t<\/div>\n<\/div><\/div><\/div><\/div><div class=\"vc_row wpb_row vc_row-fluid vc_custom_1461646559359\"><div class=\"wpb_column vc_column_container vc_col-sm-12\"><div class=\"vc_column-inner\"><div class=\"wpb_wrapper\"><h2 style=\"font-size: 40px;text-align: left;font-family:Raleway;font-weight:700;font-style:normal\" class=\"vc_custom_heading vc_custom_1630324150678\">The measurement process<\/h2><div class=\"vc_row wpb_row vc_inner vc_row-fluid vc_custom_1461589084441\"><div class=\"wpb_column vc_column_container vc_col-sm-4\"><div class=\"vc_column-inner\"><div class=\"wpb_wrapper\"><div class=\"dt-sc-ico-content type6\"  ><div class=\"custom-icon\"  ><span class=\"icon icon-PowerOff\"><\/span><\/div><h4><a href=\"\" title=\"\" target=\"_blank\">I measure, therefore I am<\/a><\/h4><p>Az EnergoWatch egy gomb megnyom\u00e1sa ut\u00e1n bekapcsol, ami automatikusan jelenti a m\u00e9r\u00e9s megkezd\u00e9s\u00e9t is.\u00a0<\/p><\/div><\/div><\/div><\/div><div class=\"wpb_column vc_column_container vc_col-sm-4\"><div class=\"vc_column-inner\"><div class=\"wpb_wrapper\"><div class=\"dt-sc-ico-content type6\"  ><div class=\"custom-icon\"  ><span class=\"icon icon-Starship\"><\/span><\/div><h4><a href=\"\" title=\"\" target=\"_blank\">Continuous measurement<\/a><\/h4><p>The device continues to measure as long as it is on.\u00a0<\/p><\/div><\/div><\/div><\/div><div class=\"wpb_column vc_column_container vc_col-sm-4\"><div class=\"vc_column-inner\"><div class=\"wpb_wrapper\"><div class=\"dt-sc-ico-content type6\"  ><div class=\"custom-icon\"  ><span class=\"icon icon-Share\"><\/span><\/div><h4><a href=\"\" title=\"\" target=\"_blank\">Data connection<\/a><\/h4><p>Az EnergoWatch bekapcsolt \u00e1llapotban \u00e1lland\u00f3 Bluetooth-os kapcsolatban \u00e1ll az okostelefonos applik\u00e1ci\u00f3val, \u00edgy a m\u00e9r\u00e9sek ki\u00e9rt\u00e9kel\u00e9sei itt l\u00e1that\u00f3ak.<\/p><\/div><\/div><\/div><\/div><\/div><div class=\"vc_row wpb_row vc_inner vc_row-fluid\"><div class=\"wpb_column vc_column_container vc_col-sm-4\"><div class=\"vc_column-inner\"><div class=\"wpb_wrapper\"><div class=\"dt-sc-ico-content type6\"  ><div class=\"custom-icon\"  ><span class=\"icon icon-Signal\"><\/span><\/div><h4><a href=\"\" title=\"\" target=\"_blank\">Local storage<\/a><\/h4><p>If the smartphone is available, the measurement results are transmitted immediately, if no Bluetooth connection is available, the data is saved to a Micro SD card and synchronised later.<\/p><\/div><\/div><\/div><\/div><div class=\"wpb_column vc_column_container vc_col-sm-4\"><div class=\"vc_column-inner\"><div class=\"wpb_wrapper\"><div class=\"dt-sc-ico-content type6\"  ><div class=\"custom-icon\"  ><span class=\"icon icon-WorldWide\"><\/span><\/div><h4><a href=\"\" title=\"\" target=\"_blank\">Server connection<\/a><\/h4><p>Data are stored and analysed on a server.<\/p><\/div><\/div><\/div><\/div><div class=\"wpb_column vc_column_container vc_col-sm-4\"><div class=\"vc_column-inner\"><div class=\"wpb_wrapper\"><div class=\"dt-sc-ico-content type6\"  ><div class=\"custom-icon\"  ><span class=\"icon icon-Like\"><\/span><\/div><h4><a href=\"\" title=\"\" target=\"_blank\">Compatibility<\/a><\/h4><p> Az EnergoWatch m\u00e1s eszk\u00f6z\u00f6kkel (pl. EKG) is k\u00e9pes egy\u00fcttm\u0171k\u00f6dni.<\/p><\/div><\/div><\/div><\/div><\/div><\/div><\/div><\/div><\/div><div data-vc-full-width=\"true\" data-vc-full-width-init=\"false\" class=\"vc_row wpb_row vc_row-fluid vc_custom_1630435166579 vc_row-has-fill\"><div class=\"wpb_column vc_column_container vc_col-sm-12\"><div class=\"vc_column-inner\"><div class=\"wpb_wrapper\">\n\t<div class=\"wpb_text_column wpb_content_element\" >\n\t\t<div class=\"wpb_wrapper\">\n\t\t\t<p>The system is aware of and able to detect several types of fatigue, since fuzzy fatigue, neural network fatigue or statistical fatigue are different. The AI-based software can use these to predict how long it will take for our fatigue to reach a level where rest is the only reasonable choice. And in the future, we will be able to dig deeper and predict additional health components. Laboratory testing of these is currently underway.<\/p>\n\n\t\t<\/div>\n\t<\/div>\n<div class=\"vc_btn3-container vc_btn3-center dt-sc-custom-button\"><a class=\"vc_general vc_btn3 vc_btn3-size-md vc_btn3-shape-square vc_btn3-style-modern vc_btn3-color-grey\" href=\"http:\/\/faradtsagdetektalo.hu\/hardver\/\" title=\"Hardware\" target=\"_self\">How is the hardware?<\/a><\/div>\r\n<\/div><\/div><\/div><\/div><div class=\"vc_row-full-width\"><\/div><!-- Row Backgrounds --><div class=\"upb_color\" data-bg-override=\"0\" data-bg-color=\"rgba(0,0,0,0.5)\" data-fadeout=\"\" data-fadeout-percentage=\"30\" data-parallax-content=\"\" data-parallax-content-sense=\"30\" data-row-effect-mobile-disable=\"true\" data-img-parallax-mobile-disable=\"true\" data-rtl=\"false\"  data-custom-vc-row=\"\"  data-vc=\"6.7.0\"  data-is_old_vc=\"\"  data-theme-support=\"\"   data-overlay=\"false\" data-overlay-color=\"\" data-overlay-pattern=\"\" data-overlay-pattern-opacity=\"\" data-overlay-pattern-size=\"\"    ><\/div>","protected":false},"excerpt":{"rendered":"HOGYAN M\u00c9RHET\u0150 A F\u00c1RADTS\u00c1G, \u00c9S HOGYAN J\u00d3SOLHAT\u00d3 MEG, MIKOR \"MER\u00dcL\u00dcNK LE\"? Az EnergoWatch szenzorai seg\u00edts\u00e9g\u00e9vel nyers adatok t\u00f6meg\u00e9t \u00e1ll\u00edtja el\u0151 a m\u00e9r\u00e9s minden m\u00e1sodperc\u00e9ben. Sokan k\u00e9rdezt\u00e9k, mi\u00e9rt kellett k\u00fcl\u00f6n fizikai eszk\u00f6z, mi\u00e9rt nem lehetett m\u00e1s gy\u00e1rt\u00f3 term\u00e9k\u00e9t haszn\u00e1lni. A v\u00e1lasz itt rejlik: a ki\u00e9rt\u00e9kel\u00e9shez sz\u00fcks\u00e9g\u00fcnk volt a nyers adatok hatalmas t\u00f6meg\u00e9re ahhoz, hogy k\u00e9pesek legy\u00fcnk [...]","protected":false},"author":1,"featured_media":0,"parent":0,"menu_order":0,"comment_status":"closed","ping_status":"closed","template":"tpl-plain.php","meta":[],"_links":{"self":[{"href":"https:\/\/energowatch.hu\/en\/wp-json\/wp\/v2\/pages\/3970"}],"collection":[{"href":"https:\/\/energowatch.hu\/en\/wp-json\/wp\/v2\/pages"}],"about":[{"href":"https:\/\/energowatch.hu\/en\/wp-json\/wp\/v2\/types\/page"}],"author":[{"embeddable":true,"href":"https:\/\/energowatch.hu\/en\/wp-json\/wp\/v2\/users\/1"}],"replies":[{"embeddable":true,"href":"https:\/\/energowatch.hu\/en\/wp-json\/wp\/v2\/comments?post=3970"}],"version-history":[{"count":19,"href":"https:\/\/energowatch.hu\/en\/wp-json\/wp\/v2\/pages\/3970\/revisions"}],"predecessor-version":[{"id":5036,"href":"https:\/\/energowatch.hu\/en\/wp-json\/wp\/v2\/pages\/3970\/revisions\/5036"}],"wp:attachment":[{"href":"https:\/\/energowatch.hu\/en\/wp-json\/wp\/v2\/media?parent=3970"}],"curies":[{"name":"wp","href":"https:\/\/api.w.org\/{rel}","templated":true}]}}