{"id":4503,"date":"2016-05-26T10:48:25","date_gmt":"2016-05-26T10:48:25","guid":{"rendered":"http:\/\/foreal.vedicthemes.com\/?page_id=4503"},"modified":"2025-01-02T16:11:36","modified_gmt":"2025-01-02T16:11:36","slug":"hardver","status":"publish","type":"page","link":"https:\/\/energowatch.hu\/en\/hardver\/","title":{"rendered":"Hardware"},"content":{"rendered":"<div class=\"vc_row wpb_row vc_row-fluid\"><div class=\"wpb_column vc_column_container vc_col-sm-6\"><div class=\"vc_column-inner\"><div class=\"wpb_wrapper\"><h2 style=\"text-align: left;font-family:Raleway;font-weight:700;font-style:normal\" class=\"vc_custom_heading\">MIT TUD AZ ENERGOWATCH?<\/h2>\n\t<div class=\"wpb_text_column wpb_content_element\" >\n\t\t<div class=\"wpb_wrapper\">\n\t\t\t<p style=\"font-size: 16px; line-height: 28px;\">\u00d6r\u00f6m\u00fcnkre szolg\u00e1l, hogy bemutathatjuk az EnergoWatch tov\u00e1bbfejlesztett protot\u00edpus\u00e1t az EnergoWatch P2-t!<\/p>\n\n\t\t<\/div>\n\t<\/div>\n\n\t<div class=\"wpb_text_column wpb_content_element  vc_custom_1735834241362\" >\n\t\t<div class=\"wpb_wrapper\">\n\t\t\t<p style=\"font-size: 16px; line-height: 28px;\">Az EnergoWatch-nak jelenleg a protot\u00edpusai el\u00e9rhet\u0151ek, de ezt is folyamatosan fejlesztj\u00fck. A k\u00e9sz term\u00e9k burkolata m\u00e9g v\u00e1ltozik.<\/p>\n\n\t\t<\/div>\n\t<\/div>\n\n\t<div class=\"wpb_text_column wpb_content_element\" >\n\t\t<div class=\"wpb_wrapper\">\n\t\t\t<p style=\"font-size: 16px; line-height: 28px;\">Specifications:<\/p>\n\n\t\t<\/div>\n\t<\/div>\n<div class=\"vc_row wpb_row vc_inner vc_row-fluid\"><div class=\"wpb_column vc_column_container vc_col-sm-4\"><div class=\"vc_column-inner\"><div class=\"wpb_wrapper\"><div class=\"vc_icon_element vc_icon_element-outer vc_custom_1630306661043 vc_icon_element-align-left\"><div class=\"vc_icon_element-inner vc_icon_element-color-black vc_icon_element-size-md vc_icon_element-style- vc_icon_element-background-color-grey\" ><span class=\"vc_icon_element-icon fas fa-microchip\" ><\/span><\/div><\/div><h6 style=\"text-align: left\" class=\"vc_custom_heading\">Microcontroller: Nordic NRF52832<\/h6><\/div><\/div><\/div><div class=\"wpb_column vc_column_container vc_col-sm-4\"><div class=\"vc_column-inner\"><div class=\"wpb_wrapper\"><div class=\"vc_icon_element vc_icon_element-outer vc_custom_1630306721303 vc_icon_element-align-left\"><div class=\"vc_icon_element-inner vc_icon_element-color-black vc_icon_element-size-md vc_icon_element-style- vc_icon_element-background-color-grey\" ><span class=\"vc_icon_element-icon fas fa-microscope\" ><\/span><\/div><\/div><h6 style=\"text-align: left\" class=\"vc_custom_heading\">Photoplethysmograph sensor (PPG)<\/h6><\/div><\/div><\/div><div class=\"wpb_column vc_column_container vc_col-sm-4\"><div class=\"vc_column-inner\"><div class=\"wpb_wrapper\"><div class=\"vc_icon_element vc_icon_element-outer vc_custom_1630306766423 vc_icon_element-align-left\"><div class=\"vc_icon_element-inner vc_icon_element-color-black vc_icon_element-size-md vc_icon_element-style- vc_icon_element-background-color-grey\" ><span class=\"vc_icon_element-icon fas fa-running\" ><\/span><\/div><\/div><h6 style=\"text-align: left\" class=\"vc_custom_heading\">Motion sensors: accelerometer and gyroscope<\/h6><\/div><\/div><\/div><\/div><div class=\"vc_row wpb_row vc_inner vc_row-fluid\"><div class=\"wpb_column vc_column_container vc_col-sm-4\"><div class=\"vc_column-inner\"><div class=\"wpb_wrapper\"><div class=\"vc_icon_element vc_icon_element-outer vc_custom_1464584099227 vc_icon_element-align-left\"><div class=\"vc_icon_element-inner vc_icon_element-color-black vc_icon_element-size-md vc_icon_element-style- vc_icon_element-background-color-grey\" ><span class=\"vc_icon_element-icon fa fa-tablet\" ><\/span><\/div><\/div><h6 style=\"text-align: left\" class=\"vc_custom_heading\">MicroUSB charger<\/h6><\/div><\/div><\/div><div class=\"wpb_column vc_column_container vc_col-sm-4\"><div class=\"vc_column-inner\"><div class=\"wpb_wrapper\"><div class=\"vc_icon_element vc_icon_element-outer vc_custom_1630306929305 vc_icon_element-align-left\"><div class=\"vc_icon_element-inner vc_icon_element-color-black vc_icon_element-size-md vc_icon_element-style- vc_icon_element-background-color-grey\" ><span class=\"vc_icon_element-icon fas fa-sd-card\" ><\/span><\/div><\/div><h6 style=\"text-align: left\" class=\"vc_custom_heading\">MicroSD slot<\/h6><\/div><\/div><\/div><div class=\"wpb_column vc_column_container vc_col-sm-4\"><div class=\"vc_column-inner\"><div class=\"wpb_wrapper\"><div class=\"vc_icon_element vc_icon_element-outer vc_custom_1630306972406 vc_icon_element-align-left\"><div class=\"vc_icon_element-inner vc_icon_element-color-black vc_icon_element-size-md vc_icon_element-style- vc_icon_element-background-color-grey\" ><span class=\"vc_icon_element-icon fas fa-wave-square\" ><\/span><\/div><\/div><h6 style=\"text-align: left\" class=\"vc_custom_heading\">BLDC vibration motor<\/h6><\/div><\/div><\/div><\/div><\/div><\/div><\/div><div class=\"wpb_column vc_column_container vc_col-sm-6\"><div class=\"vc_column-inner\"><div class=\"wpb_wrapper\"><div class=\"wpb_images_carousel wpb_content_element vc_clearfix\"><div class=\"wpb_wrapper\"><div id=\"vc_images-carousel-1-1775607275\" data-ride=\"vc_carousel\" data-wrap=\"true\" style=\"width: 100%;\" data-interval=\"1500\" data-auto-height=\"yes\" data-mode=\"horizontal\" data-partial=\"false\" data-per-view=\"1\" data-hide-on-end=\"false\" class=\"vc_slide vc_images_carousel\"><ol class=\"vc_carousel-indicators\"><li data-target=\"#vc_images-carousel-1-1775607275\" data-slide-to=\"0\"><\/li><li data-target=\"#vc_images-carousel-1-1775607275\" data-slide-to=\"1\"><\/li><li data-target=\"#vc_images-carousel-1-1775607275\" data-slide-to=\"2\"><\/li><\/ol><div class=\"vc_carousel-inner\"><div class=\"vc_carousel-slideline\"><div class=\"vc_carousel-slideline-inner\"><div class=\"vc_item\"><div class=\"vc_inner\"><a class=\"\" href=\"https:\/\/energowatch.hu\/wp-content\/uploads\/2022\/03\/DSC01192-1024x577.jpg\" data-lightbox=\"lightbox[rel-4503-3093367965]\"><img width=\"1200\" height=\"676\" src=\"https:\/\/energowatch.hu\/wp-content\/uploads\/2022\/03\/DSC01192.jpg\" class=\"attachment-full\" alt=\"\" loading=\"lazy\" srcset=\"https:\/\/energowatch.hu\/wp-content\/uploads\/2022\/03\/DSC01192.jpg 1200w, https:\/\/energowatch.hu\/wp-content\/uploads\/2022\/03\/DSC01192-300x169.jpg 300w, https:\/\/energowatch.hu\/wp-content\/uploads\/2022\/03\/DSC01192-1024x577.jpg 1024w, https:\/\/energowatch.hu\/wp-content\/uploads\/2022\/03\/DSC01192-768x433.jpg 768w\" sizes=\"(max-width: 1200px) 100vw, 1200px\" \/><\/a><\/div><\/div><div class=\"vc_item\"><div class=\"vc_inner\"><a class=\"\" href=\"https:\/\/energowatch.hu\/wp-content\/uploads\/2022\/03\/DSC01187-1024x577.jpg\" data-lightbox=\"lightbox[rel-4503-3093367965]\"><img width=\"1200\" height=\"676\" src=\"https:\/\/energowatch.hu\/wp-content\/uploads\/2022\/03\/DSC01187.jpg\" class=\"attachment-full\" alt=\"\" loading=\"lazy\" srcset=\"https:\/\/energowatch.hu\/wp-content\/uploads\/2022\/03\/DSC01187.jpg 1200w, https:\/\/energowatch.hu\/wp-content\/uploads\/2022\/03\/DSC01187-300x169.jpg 300w, https:\/\/energowatch.hu\/wp-content\/uploads\/2022\/03\/DSC01187-1024x577.jpg 1024w, https:\/\/energowatch.hu\/wp-content\/uploads\/2022\/03\/DSC01187-768x433.jpg 768w\" sizes=\"(max-width: 1200px) 100vw, 1200px\" \/><\/a><\/div><\/div><div class=\"vc_item\"><div class=\"vc_inner\"><a class=\"\" href=\"https:\/\/energowatch.hu\/wp-content\/uploads\/2022\/03\/DSC01232-1024x577.jpg\" data-lightbox=\"lightbox[rel-4503-3093367965]\"><img width=\"1200\" height=\"676\" src=\"https:\/\/energowatch.hu\/wp-content\/uploads\/2022\/03\/DSC01232.jpg\" class=\"attachment-full\" alt=\"\" loading=\"lazy\" srcset=\"https:\/\/energowatch.hu\/wp-content\/uploads\/2022\/03\/DSC01232.jpg 1200w, https:\/\/energowatch.hu\/wp-content\/uploads\/2022\/03\/DSC01232-300x169.jpg 300w, https:\/\/energowatch.hu\/wp-content\/uploads\/2022\/03\/DSC01232-1024x577.jpg 1024w, https:\/\/energowatch.hu\/wp-content\/uploads\/2022\/03\/DSC01232-768x433.jpg 768w\" sizes=\"(max-width: 1200px) 100vw, 1200px\" \/><\/a><\/div><\/div><\/div><\/div><\/div><\/div><\/div><\/div><div class=\"vc_row wpb_row vc_inner vc_row-fluid\"><div class=\"wpb_column vc_column_container vc_col-sm-4\"><div class=\"vc_column-inner\"><div class=\"wpb_wrapper\"><div class=\"vc_icon_element vc_icon_element-outer vc_custom_1630306806995 vc_icon_element-align-left\"><div class=\"vc_icon_element-inner vc_icon_element-color-black vc_icon_element-size-md vc_icon_element-style- vc_icon_element-background-color-grey\" ><span class=\"vc_icon_element-icon fab fa-bluetooth-b\" ><\/span><\/div><\/div><h6 style=\"text-align: left\" class=\"vc_custom_heading\">Bluetooth Low Energy (Bluetooth 4.0)<\/h6><\/div><\/div><\/div><div class=\"wpb_column vc_column_container vc_col-sm-4\"><div class=\"vc_column-inner\"><div class=\"wpb_wrapper\"><div class=\"vc_icon_element vc_icon_element-outer vc_custom_1630306836281 vc_icon_element-align-left\"><div class=\"vc_icon_element-inner vc_icon_element-color-black vc_icon_element-size-md vc_icon_element-style- vc_icon_element-background-color-grey\" ><span class=\"vc_icon_element-icon fas fa-battery-full\" ><\/span><\/div><\/div><h6 style=\"text-align: left\" class=\"vc_custom_heading\">Li-Ion battery<\/h6><\/div><\/div><\/div><div class=\"wpb_column vc_column_container vc_col-sm-4\"><div class=\"vc_column-inner\"><div class=\"wpb_wrapper\"><div class=\"vc_icon_element vc_icon_element-outer vc_custom_1630306866765 vc_icon_element-align-left\"><div class=\"vc_icon_element-inner vc_icon_element-color-black vc_icon_element-size-md vc_icon_element-style- vc_icon_element-background-color-grey\" ><span class=\"vc_icon_element-icon fas fa-desktop\" ><\/span><\/div><\/div><h6 style=\"text-align: left\" class=\"vc_custom_heading\">Display: 176x176 pixel transflective LCD display with backlight<\/h6><\/div><\/div><\/div><\/div><div class=\"vc_row wpb_row vc_inner vc_row-fluid\"><div class=\"wpb_column vc_column_container vc_col-sm-4\"><div class=\"vc_column-inner\"><div class=\"wpb_wrapper\"><div class=\"vc_icon_element vc_icon_element-outer vc_custom_1630307017996 vc_icon_element-align-left\"><div class=\"vc_icon_element-inner vc_icon_element-color-black vc_icon_element-size-md vc_icon_element-style- vc_icon_element-background-color-grey\" ><span class=\"vc_icon_element-icon fas fa-hand-point-down\" ><\/span><\/div><\/div><h6 style=\"text-align: left\" class=\"vc_custom_heading\">4 push buttons<\/h6><\/div><\/div><\/div><div class=\"wpb_column vc_column_container vc_col-sm-4\"><div class=\"vc_column-inner\"><div class=\"wpb_wrapper\"><div class=\"vc_icon_element vc_icon_element-outer vc_custom_1630307065104 vc_icon_element-align-left\"><div class=\"vc_icon_element-inner vc_icon_element-color-black vc_icon_element-size-md vc_icon_element-style- vc_icon_element-background-color-grey\" ><span class=\"vc_icon_element-icon fas fa-luggage-cart\" ><\/span><\/div><\/div><h6 style=\"text-align: left\" class=\"vc_custom_heading\">The device housing is still under construction<\/h6><\/div><\/div><\/div><div class=\"wpb_column vc_column_container vc_col-sm-4\"><div class=\"vc_column-inner\"><div class=\"wpb_wrapper\"><div class=\"vc_icon_element vc_icon_element-outer vc_custom_1630307148255 vc_icon_element-align-left\"><div class=\"vc_icon_element-inner vc_icon_element-color-black vc_icon_element-size-md vc_icon_element-style- vc_icon_element-background-color-grey\" ><span class=\"vc_icon_element-icon fas fa-hiking\" ><\/span><\/div><\/div><h6 style=\"text-align: left\" class=\"vc_custom_heading\">Built-in algorithm to count steps<\/h6><\/div><\/div><\/div><\/div><\/div><\/div><\/div><\/div><div class=\"vc_row wpb_row vc_row-fluid vc_custom_1464346500530\"><div class=\"wpb_column vc_column_container vc_col-sm-12\"><div class=\"vc_column-inner\"><div class=\"wpb_wrapper\"><div class=\"vc_empty_space\"   style=\"height: 50px\"><span class=\"vc_empty_space_inner\"><\/span><\/div><\/div><\/div><\/div><\/div><div data-vc-full-width=\"true\" data-vc-full-width-init=\"false\" class=\"vc_row wpb_row vc_row-fluid vc_custom_1630307907356 vc_row-has-fill\"><div class=\"wpb_column vc_column_container vc_col-sm-12\"><div class=\"vc_column-inner\"><div class=\"wpb_wrapper\"><h2 style=\"font-size: 40px;color: #ffffff;text-align: center;font-family:Raleway;font-weight:700;font-style:normal\" class=\"vc_custom_heading  aligncenter\">MEASURES BETTER THAN OTHERS<\/h2>\n\t<div class=\"wpb_text_column wpb_content_element\" >\n\t\t<div class=\"wpb_wrapper\">\n\t\t\t<p style=\"text-align: center; color: #fff;\">One of the most important components of the system is the photoplethysmograph sensor (PPG). Unlike other manufacturers, this sensor operates at 100 and 200 Hz measurement rates and provides raw data, hundreds of megabytes in a day. This amount of data is necessary to be able to determine fatigue and the true energy level of an individual.<\/p>\n\n\t\t<\/div>\n\t<\/div>\n<\/div><\/div><\/div><\/div><div class=\"vc_row-full-width\"><\/div><!-- Row Backgrounds --><div class=\"upb_color\" data-bg-override=\"0\" data-bg-color=\"rgba(0,0,0,0.5)\" data-fadeout=\"\" data-fadeout-percentage=\"30\" data-parallax-content=\"\" data-parallax-content-sense=\"30\" data-row-effect-mobile-disable=\"true\" data-img-parallax-mobile-disable=\"true\" data-rtl=\"false\"  data-custom-vc-row=\"\"  data-vc=\"6.7.0\"  data-is_old_vc=\"\"  data-theme-support=\"\"   data-overlay=\"false\" data-overlay-color=\"\" data-overlay-pattern=\"\" data-overlay-pattern-opacity=\"\" data-overlay-pattern-size=\"\"    ><\/div><div class=\"vc_row wpb_row vc_row-fluid\"><div class=\"wpb_column vc_column_container vc_col-sm-12\"><div class=\"vc_column-inner\"><div class=\"wpb_wrapper\"><div class=\"vc_empty_space\"   style=\"height: 55px\"><span class=\"vc_empty_space_inner\"><\/span><\/div><h2 style=\"text-align: left;font-family:Raleway;font-weight:700;font-style:normal\" class=\"vc_custom_heading\">Other subsystems<\/h2><\/div><\/div><\/div><\/div><div class=\"vc_row wpb_row vc_row-fluid\"><div class=\"wpb_column vc_column_container vc_col-sm-4\"><div class=\"vc_column-inner\"><div class=\"wpb_wrapper\"><h2 style=\"font-size: 28px;text-align: left;font-family:Raleway;font-weight:500;font-style:normal\" class=\"vc_custom_heading vc_custom_1630308218725\">Data Collection Subsystem<\/h2>\n\t<div class=\"wpb_text_column wpb_content_element\" >\n\t\t<div class=\"wpb_wrapper\">\n\t\t\t<p>The Data Collection Subsystem handles the uniform, efficient transmission, storage and management of data with different frequencies and characteristics.<\/p>\n\n\t\t<\/div>\n\t<\/div>\n<\/div><\/div><\/div><div class=\"wpb_column vc_column_container vc_col-sm-4\"><div class=\"vc_column-inner\"><div class=\"wpb_wrapper\"><h2 style=\"font-size: 28px;text-align: left;font-family:Raleway;font-weight:500;font-style:normal\" class=\"vc_custom_heading vc_custom_1630308252566\">Device Management Subsystem<\/h2>\n\t<div class=\"wpb_text_column wpb_content_element\" >\n\t\t<div class=\"wpb_wrapper\">\n\t\t\t<p>The Device Management Subsystem implements the framework for the management of assets in the system. It manages the devices supported by the system, their measured values, device lifecycle and actual firmware versions.<\/p>\n\n\t\t<\/div>\n\t<\/div>\n<\/div><\/div><\/div><div class=\"wpb_column vc_column_container vc_col-sm-4\"><div class=\"vc_column-inner\"><div class=\"wpb_wrapper\"><h2 style=\"font-size: 28px;text-align: left;font-family:Raleway;font-weight:500;font-style:normal\" class=\"vc_custom_heading vc_custom_1630308271175\">Personal profile management component<\/h2>\n\t<div class=\"wpb_text_column wpb_content_element\" >\n\t\t<div class=\"wpb_wrapper\">\n\t\t\t<p>The Personal Profile component provides a feature to manage users' personal data. These are channelled through appropriate processing algorithms into the fatigue detection, modelling, processing and prediction process.<\/p>\n\n\t\t<\/div>\n\t<\/div>\n<\/div><\/div><\/div><\/div><div class=\"vc_row wpb_row vc_row-fluid\"><div class=\"wpb_column vc_column_container vc_col-sm-4\"><div class=\"vc_column-inner\"><div class=\"wpb_wrapper\"><h2 style=\"font-size: 28px;text-align: left;font-family:Raleway;font-weight:500;font-style:normal\" class=\"vc_custom_heading vc_custom_1630308294888\">Questionnaire Management component<\/h2>\n\t<div class=\"wpb_text_column wpb_content_element\" >\n\t\t<div class=\"wpb_wrapper\">\n\t\t\t<p>Previous research has shown that data describing personal characteristics play a significant role in the intended fatigue detection and prediction process. An important element for capturing these is the Questionnaire Management component.<\/p>\n\n\t\t<\/div>\n\t<\/div>\n<\/div><\/div><\/div><div class=\"wpb_column vc_column_container vc_col-sm-4\"><div class=\"vc_column-inner\"><div class=\"wpb_wrapper\"><h2 style=\"font-size: 28px;text-align: left;font-family:Raleway;font-weight:500;font-style:normal\" class=\"vc_custom_heading vc_custom_1630308426721\">Artificial Intelligence (AI) component<\/h2>\n\t<div class=\"wpb_text_column wpb_content_element\" >\n\t\t<div class=\"wpb_wrapper\">\n\t\t\t<p>The AI module of the software system is responsible for detecting and predicting fatigue.<span class=\"Apple-converted-space\">\u00a0<\/span><\/p>\n\n\t\t<\/div>\n\t<\/div>\n<\/div><\/div><\/div><div class=\"wpb_column vc_column_container vc_col-sm-4\"><div class=\"vc_column-inner\"><div class=\"wpb_wrapper\"><h2 style=\"font-size: 28px;text-align: left;font-family:Raleway;font-weight:500;font-style:normal\" class=\"vc_custom_heading vc_custom_1630308332261\">Mobile App component<\/h2>\n\t<div class=\"wpb_text_column wpb_content_element\" >\n\t\t<div class=\"wpb_wrapper\">\n\t\t\t<p>The Mobile App component is an application, currently running only in the Android software environment on a mobile phone, which provides the data link between the smartwatch and the framework running on the server and provides the primary user interface for the user.<\/p>\n\n\t\t<\/div>\n\t<\/div>\n<\/div><\/div><\/div><\/div><div class=\"vc_row wpb_row vc_row-fluid\"><div class=\"wpb_column vc_column_container vc_col-sm-12\"><div class=\"vc_column-inner\"><div class=\"wpb_wrapper\">\n\t<div  class=\"wpb_single_image wpb_content_element vc_align_left\">\n\t\t\n\t\t<figure class=\"wpb_wrapper vc_figure\">\n\t\t\t<div class=\"vc_single_image-wrapper   vc_box_border_grey\"><img width=\"2560\" height=\"1442\" src=\"https:\/\/energowatch.hu\/wp-content\/uploads\/2022\/03\/DSC01252_j-scaled.jpg\" class=\"vc_single_image-img attachment-full\" alt=\"\" loading=\"lazy\" srcset=\"https:\/\/energowatch.hu\/wp-content\/uploads\/2022\/03\/DSC01252_j-scaled.jpg 2560w, https:\/\/energowatch.hu\/wp-content\/uploads\/2022\/03\/DSC01252_j-300x169.jpg 300w, https:\/\/energowatch.hu\/wp-content\/uploads\/2022\/03\/DSC01252_j-1024x577.jpg 1024w, https:\/\/energowatch.hu\/wp-content\/uploads\/2022\/03\/DSC01252_j-768x432.jpg 768w, https:\/\/energowatch.hu\/wp-content\/uploads\/2022\/03\/DSC01252_j-1536x865.jpg 1536w, https:\/\/energowatch.hu\/wp-content\/uploads\/2022\/03\/DSC01252_j-2048x1153.jpg 2048w\" sizes=\"(max-width: 2560px) 100vw, 2560px\" \/><\/div>\n\t\t<\/figure>\n\t<\/div>\n<\/div><\/div><\/div><\/div><div class=\"vc_row wpb_row vc_row-fluid\"><div class=\"wpb_column vc_column_container vc_col-sm-12\"><div class=\"vc_column-inner\"><div class=\"wpb_wrapper\"><div class=\"vc_empty_space\"   style=\"height: 55px\"><span class=\"vc_empty_space_inner\"><\/span><\/div><h2 style=\"text-align: left;font-family:Raleway;font-weight:700;font-style:normal\" class=\"vc_custom_heading\">EL\u0150REL\u00c9P\u00c9S AZ ENERGOWATCH P1-HEZ K\u00c9PEST<\/h2><\/div><\/div><\/div><\/div><div class=\"vc_row wpb_row vc_row-fluid\"><div class=\"wpb_column vc_column_container vc_col-sm-4\"><div class=\"vc_column-inner\"><div class=\"wpb_wrapper\"><h2 style=\"font-size: 28px;text-align: left;font-family:Raleway;font-weight:500;font-style:normal\" class=\"vc_custom_heading vc_custom_1648385499925\">Battery<\/h2>\n\t<div class=\"wpb_text_column wpb_content_element\" >\n\t\t<div class=\"wpb_wrapper\">\n\t\t\t<p>The significantly increased battery capacity allows for several days of continuous measurement on a single charge.<\/p>\n\n\t\t<\/div>\n\t<\/div>\n<\/div><\/div><\/div><div class=\"wpb_column vc_column_container vc_col-sm-4\"><div class=\"vc_column-inner\"><div class=\"wpb_wrapper\"><h2 style=\"font-size: 28px;text-align: left;font-family:Raleway;font-weight:500;font-style:normal\" class=\"vc_custom_heading vc_custom_1648385511058\">Appearance<\/h2>\n\t<div class=\"wpb_text_column wpb_content_element\" >\n\t\t<div class=\"wpb_wrapper\">\n\t\t\t<p>The asset has a completely new look, new design, new housing, more colours, quick release strap attachment.<\/p>\n\n\t\t<\/div>\n\t<\/div>\n<\/div><\/div><\/div><div class=\"wpb_column vc_column_container vc_col-sm-4\"><div class=\"vc_column-inner\"><div class=\"wpb_wrapper\"><h2 style=\"font-size: 28px;text-align: left;font-family:Raleway;font-weight:500;font-style:normal\" class=\"vc_custom_heading vc_custom_1648385528722\">New Buttons<\/h2>\n\t<div class=\"wpb_text_column wpb_content_element\" >\n\t\t<div class=\"wpb_wrapper\">\n\t\t\t<p>New - but still programmable - tactile push-buttons have made the instrument much more comfortable and stable to use.<\/p>\n\n\t\t<\/div>\n\t<\/div>\n<\/div><\/div><\/div><\/div><div class=\"vc_row wpb_row vc_row-fluid\"><div class=\"wpb_column vc_column_container vc_col-sm-4\"><div class=\"vc_column-inner\"><div class=\"wpb_wrapper\"><h2 style=\"font-size: 28px;text-align: left;font-family:Raleway;font-weight:500;font-style:normal\" class=\"vc_custom_heading vc_custom_1648385545837\">New firmware<\/h2>\n\t<div class=\"wpb_text_column wpb_content_element\" >\n\t\t<div class=\"wpb_wrapper\">\n\t\t\t<p>Improved firmware has opened up new applications for the use of the device.<\/p>\n\n\t\t<\/div>\n\t<\/div>\n<\/div><\/div><\/div><div class=\"wpb_column vc_column_container vc_col-sm-4\"><div class=\"vc_column-inner\"><div class=\"wpb_wrapper\"><h2 style=\"font-size: 28px;text-align: left;font-family:Raleway;font-weight:500;font-style:normal\" class=\"vc_custom_heading vc_custom_1648385561679\">Bluetooth<\/h2>\n\t<div class=\"wpb_text_column wpb_content_element\" >\n\t\t<div class=\"wpb_wrapper\">\n\t\t\t<p>The improved bluetooth connection has created a more stable connection.<\/p>\n\n\t\t<\/div>\n\t<\/div>\n<\/div><\/div><\/div><div class=\"wpb_column vc_column_container vc_col-sm-4\"><div class=\"vc_column-inner\"><div class=\"wpb_wrapper\"><h2 style=\"font-size: 28px;text-align: left;font-family:Raleway;font-weight:500;font-style:normal\" class=\"vc_custom_heading vc_custom_1648385588636\">Continuous improvement<\/h2>\n\t<div class=\"wpb_text_column wpb_content_element\" >\n\t\t<div class=\"wpb_wrapper\">\n\t\t\t<p><b>The development of the EW2 and its potential applications has not stopped and will be reported on in the future.<\/b><\/p>\n\n\t\t<\/div>\n\t<\/div>\n<\/div><\/div><\/div><\/div>","protected":false},"excerpt":{"rendered":"MIT TUD AZ ENERGOWATCH? \u00d6r\u00f6m\u00fcnkre szolg\u00e1l, hogy bemutathatjuk az EnergoWatch tov\u00e1bbfejlesztett protot\u00edpus\u00e1t az EnergoWatch P2-t! Az EnergoWatch-nak jelenleg a protot\u00edpusai el\u00e9rhet\u0151ek, de ezt is folyamatosan fejlesztj\u00fck. A k\u00e9sz term\u00e9k burkolata m\u00e9g v\u00e1ltozik. Specifik\u00e1ci\u00f3: Mikrovez\u00e9rl\u0151: Nordic NRF52832Fotopletizmogr\u00e1f szenzor (PPG)Mozg\u00e1s szenzorok: gyorsul\u00e1sm\u00e9r\u0151 \u00e9s giroszk\u00f3pMicroUSB t\u00f6lt\u0151MicroSD foglalatBLDC vibramotorBluetooth Low Energy (Bluetooth 4.0)Li-Ion akkumul\u00e1tor176x176 pixel transzreflekt\u00edv LCD kijelz\u01514 db [...]","protected":false},"author":1,"featured_media":0,"parent":0,"menu_order":0,"comment_status":"closed","ping_status":"closed","template":"","meta":[],"_links":{"self":[{"href":"https:\/\/energowatch.hu\/en\/wp-json\/wp\/v2\/pages\/4503"}],"collection":[{"href":"https:\/\/energowatch.hu\/en\/wp-json\/wp\/v2\/pages"}],"about":[{"href":"https:\/\/energowatch.hu\/en\/wp-json\/wp\/v2\/types\/page"}],"author":[{"embeddable":true,"href":"https:\/\/energowatch.hu\/en\/wp-json\/wp\/v2\/users\/1"}],"replies":[{"embeddable":true,"href":"https:\/\/energowatch.hu\/en\/wp-json\/wp\/v2\/comments?post=4503"}],"version-history":[{"count":26,"href":"https:\/\/energowatch.hu\/en\/wp-json\/wp\/v2\/pages\/4503\/revisions"}],"predecessor-version":[{"id":5038,"href":"https:\/\/energowatch.hu\/en\/wp-json\/wp\/v2\/pages\/4503\/revisions\/5038"}],"wp:attachment":[{"href":"https:\/\/energowatch.hu\/en\/wp-json\/wp\/v2\/media?parent=4503"}],"curies":[{"name":"wp","href":"https:\/\/api.w.org\/{rel}","templated":true}]}}