{"id":4613,"date":"2016-03-14T07:30:07","date_gmt":"2016-03-14T07:30:07","guid":{"rendered":"http:\/\/foreal.vedicthemes.com\/?page_id=4"},"modified":"2025-01-02T16:08:02","modified_gmt":"2025-01-02T16:08:02","slug":"home","status":"publish","type":"page","link":"https:\/\/energowatch.hu\/en\/","title":{"rendered":"Home"},"content":{"rendered":"<div class=\"vc_row wpb_row vc_row-fluid vc_custom_1461930367666\"><div class=\"wpb_column vc_column_container vc_col-sm-12\"><div class=\"vc_column-inner\"><div class=\"wpb_wrapper\"><h2 style=\"font-size: 40px;text-align: center;font-family:Raleway;font-weight:700;font-style:normal\" class=\"vc_custom_heading vc_custom_1630234549812\">WHO ARE WE?<\/h2><div class=\"vc_row wpb_row vc_inner vc_row-fluid\"><div class=\"wpb_column vc_column_container vc_col-sm-4\"><div class=\"vc_column-inner\"><div class=\"wpb_wrapper\">\n\t<div class=\"wpb_text_column wpb_content_element\" >\n\t\t<div class=\"wpb_wrapper\">\n\t\t\t<p>Euronet Hungary Informatika Zrt. (Euronet Hungary Inc.) was established in November 2000 and entered the telecommunications service provider market. To date it is 100% owned by Hungarian individuals.<\/p>\n<p><img loading=\"lazy\" class=\"size-full wp-image-4877 aligncenter\" src=\"http:\/\/energowatch.hu\/wp-content\/uploads\/2021\/08\/euronet-logo.png\" alt=\"\" width=\"127\" height=\"80\" \/><\/p>\n\n\t\t<\/div>\n\t<\/div>\n<\/div><\/div><\/div><div class=\"wpb_column vc_column_container vc_col-sm-4\"><div class=\"vc_column-inner\"><div class=\"wpb_wrapper\">\n\t<div class=\"wpb_text_column wpb_content_element\" >\n\t\t<div class=\"wpb_wrapper\">\n\t\t\t<p>In 2018, we decided to implement a bold project. We dreamt up a smart bracelet (smartwatch) that could predict when the wearer would be diving. An enterprising team from the company started development.<\/p>\n<p><img loading=\"lazy\" class=\"size-full wp-image-4884 aligncenter\" src=\"http:\/\/energowatch.hu\/wp-content\/uploads\/2021\/08\/logokis-2.png\" alt=\"\" width=\"90\" height=\"90\" srcset=\"https:\/\/energowatch.hu\/wp-content\/uploads\/2021\/08\/logokis-2.png 90w, https:\/\/energowatch.hu\/wp-content\/uploads\/2021\/08\/logokis-2-70x70.png 70w, https:\/\/energowatch.hu\/wp-content\/uploads\/2021\/08\/logokis-2-80x80.png 80w\" sizes=\"(max-width: 90px) 100vw, 90px\" \/><\/p>\n\n\t\t<\/div>\n\t<\/div>\n<\/div><\/div><\/div><div class=\"wpb_column vc_column_container vc_col-sm-4\"><div class=\"vc_column-inner\"><div class=\"wpb_wrapper\">\n\t<div class=\"wpb_text_column wpb_content_element\" >\n\t\t<div class=\"wpb_wrapper\">\n\t\t\t<p>Three years later, our dream has come true. We came up with a solution that we believe could be a milestone in predicting the dangers of fatigue. We are running beta tests on our prototypes and welcome applications.<\/p>\n\n\t\t<\/div>\n\t<\/div>\n<\/div><\/div><\/div><\/div><\/div><\/div><\/div><\/div><div class=\"vc_row wpb_row vc_row-fluid\"><div class=\"wpb_column vc_column_container vc_col-sm-12\"><div class=\"vc_column-inner\"><div class=\"wpb_wrapper\"><div class=\"vc_empty_space\"   style=\"height: 20px\"><span class=\"vc_empty_space_inner\"><\/span><\/div><\/div><\/div><\/div><\/div><div class=\"vc_row wpb_row vc_row-fluid\"><div class=\"wpb_column vc_column_container vc_col-sm-12\"><div class=\"vc_column-inner\"><div class=\"wpb_wrapper\">\n\t<div  class=\"wpb_single_image wpb_content_element vc_align_center  vc_custom_1648386528762\">\n\t\t\n\t\t<figure class=\"wpb_wrapper vc_figure\">\n\t\t\t<div class=\"vc_single_image-wrapper   vc_box_border_grey\"><img width=\"2560\" height=\"1134\" src=\"https:\/\/energowatch.hu\/wp-content\/uploads\/2022\/03\/DSC01214_j-scaled.jpg\" class=\"vc_single_image-img attachment-full\" alt=\"\" loading=\"lazy\" srcset=\"https:\/\/energowatch.hu\/wp-content\/uploads\/2022\/03\/DSC01214_j-scaled.jpg 2560w, https:\/\/energowatch.hu\/wp-content\/uploads\/2022\/03\/DSC01214_j-300x133.jpg 300w, https:\/\/energowatch.hu\/wp-content\/uploads\/2022\/03\/DSC01214_j-1024x454.jpg 1024w, https:\/\/energowatch.hu\/wp-content\/uploads\/2022\/03\/DSC01214_j-768x340.jpg 768w, https:\/\/energowatch.hu\/wp-content\/uploads\/2022\/03\/DSC01214_j-1536x681.jpg 1536w, https:\/\/energowatch.hu\/wp-content\/uploads\/2022\/03\/DSC01214_j-2048x908.jpg 2048w\" sizes=\"(max-width: 2560px) 100vw, 2560px\" \/><\/div>\n\t\t<\/figure>\n\t<\/div>\n<div class=\"dt-sc-callout-box type11\">\r\n\t\t\t\t\t<h4 style=\"text-align: center\" class=\"vc_custom_heading  aligncenter\">Most pedig bemutatjuk az ENERGOWATCH P2-t, vagyis az EnergoWatch m\u00e1sodik protot\u00edpus\u00e1t, t\u00f6bbf\u00e9le sz\u00ednben \u00e9s sz\u00edjakkal!<\/h4><div class=\"vc_btn3-container vc_btn3-center\"><a class=\"vc_general vc_btn3 vc_btn3-size-md vc_btn3-shape-rounded vc_btn3-style-modern vc_btn3-color-black\" href=\"https:\/\/energowatch.hu\/en\/hardver\/\" title=\"Hardware\" target=\"_self\">Find out more!<\/a><\/div>\r\n\t\t\t\t<\/div><\/div><\/div><\/div><\/div><div class=\"vc_row wpb_row vc_row-fluid\"><div class=\"wpb_column vc_column_container vc_col-sm-12\"><div class=\"vc_column-inner\"><div class=\"wpb_wrapper\"><div class=\"vc_empty_space\"   style=\"height: 30px\"><span class=\"vc_empty_space_inner\"><\/span><\/div><\/div><\/div><\/div><\/div><div class=\"vc_row wpb_row vc_row-fluid\"><div class=\"wpb_column vc_column_container vc_col-sm-12\"><div class=\"vc_column-inner\"><div class=\"wpb_wrapper\"><h2 style=\"font-size: 40px;text-align: center;font-family:Raleway;font-weight:700;font-style:normal\" class=\"vc_custom_heading\">Az ENERGOWATCH tulajdons\u00e1gai<\/h2><div class=\"vc_row wpb_row vc_inner vc_row-fluid\"><div class=\"wpb_column vc_column_container vc_col-sm-4\"><div class=\"vc_column-inner\"><div class=\"wpb_wrapper\"><div class=\"dt-sc-ico-content type9\"  ><div class=\"custom-icon\"  ><span class=\"fas fa-cloud-upload-alt\"><\/span><\/div><h4><a href=\"\" title=\"\" target=\"_blank\"><span class=\"fas fa-cloud-upload-alt\"><\/span>Secure connection<\/a><\/h4><p>Bluetooth connection to the mobile phone, which transmits the data to the server.<\/p><\/div><div class=\"dt-sc-ico-content type9\"  ><div class=\"custom-icon\"  ><span class=\"fas fa-code\"><\/span><\/div><h4><a href=\"\" title=\"\" target=\"_blank\"><span class=\"fas fa-code\"><\/span>Customizable<\/a><\/h4><p>Freely programmable display and buttons.<\/p><\/div><\/div><\/div><\/div><div class=\"wpb_column vc_column_container vc_col-sm-4\"><div class=\"vc_column-inner\"><div class=\"wpb_wrapper\"><div class=\"dt-sc-ico-content type9\"  ><div class=\"custom-icon\"  ><span class=\"fas fa-sync-alt\"><\/span><\/div><h4><a href=\"\" title=\"\" target=\"_blank\"><span class=\"fas fa-sync-alt\"><\/span>Continuous measurement<\/a><\/h4><p>Optical sensors measuring blood flow, acceleration and perdition are continuously measured around the clock.<\/p><\/div><div class=\"dt-sc-ico-content type9\"  ><div class=\"custom-icon\"  ><span class=\"fab fa-usb\"><\/span><\/div><h4><a href=\"\" title=\"\" target=\"_blank\"><span class=\"fab fa-usb\"><\/span>Compatibility<\/a><\/h4><p>Data is recorded on SD memory card if there is no radio connection. Charging is done via Micros USB.<\/p><\/div><\/div><\/div><\/div><div class=\"wpb_column vc_column_container vc_col-sm-4\"><div class=\"vc_column-inner\"><div class=\"wpb_wrapper\"><div class=\"dt-sc-ico-content type9\"  ><div class=\"custom-icon\"  ><span class=\"fas fa-file-code\"><\/span><\/div><h4><a href=\"\" title=\"\" target=\"_blank\"><span class=\"fas fa-file-code\"><\/span>In-house development<\/a><\/h4><p>In-house development - excellent sensitivity. We run our own data processor on the raw data.<\/p><\/div><div class=\"dt-sc-ico-content type9\"  ><div class=\"custom-icon\"  ><span class=\"fas fa-brain\"><\/span><\/div><h4><a href=\"\" title=\"\" target=\"_blank\"><span class=\"fas fa-brain\"><\/span>Artificial intelligence<\/a><\/h4><p>The huge amount of data built up about the wearer is processed by an artificial intelligence-based system.<\/p><\/div><\/div><\/div><\/div><\/div><\/div><\/div><\/div><\/div><div class=\"vc_row wpb_row vc_row-fluid\"><div class=\"wpb_column vc_column_container vc_col-sm-12\"><div class=\"vc_column-inner\"><div class=\"wpb_wrapper\">\n\t<div  class=\"wpb_single_image wpb_content_element vc_align_center  vc_custom_1630238119292\">\n\t\t\n\t\t<figure class=\"wpb_wrapper vc_figure\">\n\t\t\t<div class=\"vc_single_image-wrapper   vc_box_border_grey\"><img width=\"1429\" height=\"662\" src=\"https:\/\/energowatch.hu\/wp-content\/uploads\/2021\/08\/lgoenphdadhfjgjh-2.png\" class=\"vc_single_image-img attachment-full\" alt=\"\" loading=\"lazy\" srcset=\"https:\/\/energowatch.hu\/wp-content\/uploads\/2021\/08\/lgoenphdadhfjgjh-2.png 1429w, https:\/\/energowatch.hu\/wp-content\/uploads\/2021\/08\/lgoenphdadhfjgjh-2-300x139.png 300w, https:\/\/energowatch.hu\/wp-content\/uploads\/2021\/08\/lgoenphdadhfjgjh-2-1024x474.png 1024w, https:\/\/energowatch.hu\/wp-content\/uploads\/2021\/08\/lgoenphdadhfjgjh-2-768x356.png 768w\" sizes=\"(max-width: 1429px) 100vw, 1429px\" \/><\/div>\n\t\t<\/figure>\n\t<\/div>\n<div class=\"dt-sc-callout-box type11\">\r\n\t\t\t\t\t<h4 style=\"text-align: center\" class=\"vc_custom_heading  aligncenter\">Continuous monitoring, retrievable data<\/h4><div class=\"vc_btn3-container vc_btn3-center\"><a class=\"vc_general vc_btn3 vc_btn3-size-md vc_btn3-shape-rounded vc_btn3-style-modern vc_btn3-color-black\" href=\"http:\/\/faradtsagdetektalo.hu\/faradtsag\/\" title=\"What fatigue is?\" target=\"_self\">Find out more!<\/a><\/div>\r\n\t\t\t\t<\/div><\/div><\/div><\/div><\/div><div class=\"vc_row wpb_row vc_row-fluid\"><div class=\"wpb_column vc_column_container vc_col-sm-12\"><div class=\"vc_column-inner\"><div class=\"wpb_wrapper\"><div class=\"vc_empty_space\"   style=\"height: 30px\"><span class=\"vc_empty_space_inner\"><\/span><\/div><\/div><\/div><\/div><\/div>","protected":false},"excerpt":{"rendered":"KIK VAGYUNK MI? Az Euronet Magyarorsz\u00e1g Informatika Zrt. 2000 november\u00e9ben j\u00f6tt l\u00e9tre \u00e9s l\u00e9pett be a telekommunik\u00e1ci\u00f3s szolg\u00e1ltat\u00f3i piacra. A mai napig 100%-osan magyar mag\u00e1nszem\u00e9lyek tulajdon\u00e1ban van. 2018-ban elhat\u00e1roztuk, hogy megval\u00f3s\u00edtunk egy mer\u00e9sz projektet. Egy okoskark\u00f6t\u0151t \u00e1lmodtunk meg, ami k\u00e9pes megj\u00f3solni, mikor \"mer\u00fcl le\" a visel\u0151je. A v\u00e1llalat egy b\u00e1tor csapata meg is kezdte a [...]","protected":false},"author":1,"featured_media":0,"parent":0,"menu_order":0,"comment_status":"closed","ping_status":"closed","template":"tpl-plain.php","meta":[],"_links":{"self":[{"href":"https:\/\/energowatch.hu\/en\/wp-json\/wp\/v2\/pages\/4613"}],"collection":[{"href":"https:\/\/energowatch.hu\/en\/wp-json\/wp\/v2\/pages"}],"about":[{"href":"https:\/\/energowatch.hu\/en\/wp-json\/wp\/v2\/types\/page"}],"author":[{"embeddable":true,"href":"https:\/\/energowatch.hu\/en\/wp-json\/wp\/v2\/users\/1"}],"replies":[{"embeddable":true,"href":"https:\/\/energowatch.hu\/en\/wp-json\/wp\/v2\/comments?post=4613"}],"version-history":[{"count":31,"href":"https:\/\/energowatch.hu\/en\/wp-json\/wp\/v2\/pages\/4613\/revisions"}],"predecessor-version":[{"id":5034,"href":"https:\/\/energowatch.hu\/en\/wp-json\/wp\/v2\/pages\/4613\/revisions\/5034"}],"wp:attachment":[{"href":"https:\/\/energowatch.hu\/en\/wp-json\/wp\/v2\/media?parent=4613"}],"curies":[{"name":"wp","href":"https:\/\/api.w.org\/{rel}","templated":true}]}}